{"id":91,"date":"2024-02-18T11:35:38","date_gmt":"2024-02-18T10:35:38","guid":{"rendered":"https:\/\/psy-rennes.com\/index.php\/mesmerize\/"},"modified":"2026-04-14T11:31:20","modified_gmt":"2026-04-14T09:31:20","slug":"mesmerize","status":"publish","type":"page","link":"https:\/\/psy-rennes.com\/","title":{"rendered":"Front Page"},"content":{"rendered":"<div  id=\"overlappable-4\" style=\"background-color: #ffffff;\" data-label=\"Overlappable\" data-id=\"overlappable-4\" data-export-id=\"overlappable-4\" data-category=\"overlappable\" class=\"overlappable-4 content-section content-section-spacing\" data-overlap=\"true\"><div  class=\"gridContainer\"> <div  data-type=\"row\" class=\"row spaced-cols text-center\"><div  class=\"col-xs-12 col-sm-4 col-padding\"> <i  class=\"fa icon shadow-large-black aligncenter color1 fa-clone reverse round large\"><\/i> <div  data-type=\"column\" class=\"\">  <p  class=\"\"><br >Passionn\u00e9e de psychologie, je vous accueille&nbsp; pour des prises en charges indivduelles adultes uniquement, au sein de mon cabinet \u00e0 Melesse, \u00e0 10 min du nord de Rennes<br ><br >\n<\/p><\/div> <\/div> <div  class=\"col-xs-12 col-sm-4 col-padding\"> <i  class=\"fa icon shadow-large-black aligncenter color1 fa-cogs reverse round large\"><\/i> <div  data-type=\"column\" class=\"\"><p  class=\"\">\n<br >Mon exercice s\u2019inscrit dans le champs des psychoth\u00e9rapies cognitives et comportementales ainsi que de la neuropsychologie&nbsp; &nbsp;\n<br ><br >\n<br ><br >\n<\/p> <\/div> <\/div> <div  class=\"col-xs-12 col-sm-4 col-padding\"> <i  class=\"fa icon shadow-large-black aligncenter color1 fa-magic reverse round large\"><\/i> <div  data-type=\"column\" class=\"\"> <p  class=\"\">\n<br >Nous \u00e9laborons ensemble des objectifs th\u00e9rapeutiques qui sont rediscut\u00e9s et r\u00e9ajustables au fur et \u00e0 mesure du suivi et de vos ressentis&nbsp;&nbsp;<\/p><\/div> <\/div><\/div> <\/div><\/div><div  data-label=\"D\u00e9roul\u00e9 des seances\" data-id=\"content--1\" data-export-id=\"content-3\" data-category=\"content\" class=\"content-3 content-section content-section-spacing\" id=\"deroule-des-seances\" style=\"background-color: rgb(245, 250, 253);\"><div > <div  class=\"row middle-xs\"><div  class=\"col-sm-7 full-col-left-padding full-col-right-padding\"> <div  class=\"row\"><div  data-type=\"column\" class=\"space-bottom-small content-title-col\">  <h2  class=\"\">D\u00e9roul\u00e9 des s\u00e9ances&nbsp;<\/h2> <p  class=\"\">Faire la d\u00e9marche d\u2019aller voir un psychologue est souvent source de stress et d\u2019inqui\u00e9tudes. Cela peut freiner le moment o\u00f9 l\u2019on souhaite appeler ou prendre contact par mail pour prendre rendez-vous.<\/p><\/div> <\/div> <div  class=\"row spaced-cols\" data-type=\"row\"> <div  class=\"col-xs-6\" data-type=\"column\"> <h5  class=\"\">Premier rendez vous&nbsp;<\/h5> <p  class=\"\">Il&nbsp;permet de faire connaissance et d\u2019\u00e9valuer vos besoins. Pour cela je vous poserai plusieurs questions afin de comprendre vos attentes et de voir ce qui vous am\u00e8ne \u00e0 consulter. J\u2019en profiterai aussi pour vous pr\u00e9senter ma pratique et ma fa\u00e7on de travailler.&nbsp;<\/p><p  class=\"\"><\/p><p  class=\"MsoNormal\" style=\"text-align: justify;\">Je pose r\u00e9guli\u00e8rement des\nquestions pendant les s\u00e9ances afin de m\u2019assurer d\u2019avoir compris ce que vous\ndites, de reprendre une situation particuli\u00e8re ou encore de pr\u00e9ciser un propos\nqui ne me semble pas suffisamment clair.&nbsp;<o  :p=\"\"><\/o><\/p><\/div> <div  class=\"col-xs-6\" data-type=\"column\"><h5  class=\"\">Rendez vous suivants<\/h5> <p  class=\"\">Ils permettent&nbsp;d\u2019engager la th\u00e9rapie et\/ou le suivi neuropsychologique. La fr\u00e9quence et la dur\u00e9e des rencontres seront discut\u00e9 ensemble. Dans le cadre de la th\u00e9rapie, je peux \u00e9galement vous proposer de r\u00e9aliser des \u00ab t\u00e2ches assign\u00e9es \u00bb c\u2019est-\u00e0-dire des exercices \u00e0 faire en dehors de s\u00e9ances, en autonomie.  <\/p><\/div>   <\/div><\/div> <div  class=\"col-sm-5 bg-image shadow-large-black revert-classes-holder\" data-bg=\"image\" style=\"background-image: url(&quot;https:\/\/psy-rennes.com\/wp-content\/uploads\/2024\/02\/cible.jpg&quot;);\"><\/div><\/div> <\/div><\/div><div  data-label=\"Pour qui\" data-id=\"features--1\" data-export-id=\"features-13-card-bordered\" data-category=\"features\" class=\"features-13 content-section content-section-spacing\" id=\"pour-qui\" style=\"background-color: rgb(255, 255, 255);\"><div  class=\"gridContainer\"> <div  class=\"row text-center\"><div  class=\"section-title-col\" data-type=\"column\"> <h2  class=\"\">De quel suivi ai je besoin?&nbsp;<\/h2> <\/div> <\/div> <div  class=\"row spaced-cols content-center-sm\" data-type=\"row\"> <div  class=\"col-sm-4 col-md-6 \"> <div  class=\"card bordered y-move\" data-type=\"column\"> <i  class=\"fa icon fa-codepen big round reverse color1\"><\/i> <h4  class=\"\">TCC<\/h4> <p  class=\"\">Exemples de th\u00e9matiques pour lesquelles les TCC ont montr\u00e9 leur efficacit\u00e9 (liste non exhaustive) :&nbsp;<br >\u2013\tTroubles anxieux<br >\u2013\tTroubles d\u00e9pressifs<br >\u2013\tTroubles Obsessionnels Compulsifs<br >\u2013\tTroubles du Comportement Alimentaire<br >\u2013\tPhobies (phobies simples, agoraphobies, phobie sociale\u2026)<br >\u2013\tD\u00e9faut d\u2019affirmation de soi<br >\u2013\tAddictions avec ou sans substances <br >\u2013 Burn out<br >\u2013\tTroubles du sommeil <br >\u2013\tDouleurs chroniques <br >&nbsp;<\/p> <a  class=\"button small y-move color2\" href=\"https:\/\/psy-rennes.com\/index.php\/les-therapies-cognitivo-comportementales\" target=\"_self\" data-cp-link=\"1\" rel=\"noopener\">PLUS DE DETAILS<\/a><\/div> <\/div> <div  class=\"col-sm-4 col-md-6 \"> <div  class=\"card bordered y-move\" data-type=\"column\"> <i  class=\"fa icon fa-codepen big round reverse color1\"><\/i> <h4  class=\"\">NEUROPSYCHOLOGIE<\/h4> <p  class=\"\">Toute personne se sentant g\u00ean\u00e9e dans son fonctionnement cognitif et comportemental \u00e0 la suite notamment d\u2019\u00e9v\u00e8nements c\u00e9r\u00e9braux tels que :<br >\u2013\tAccident Vasculaire C\u00e9r\u00e9bral<br >\u2013\tTraumatisme Cr\u00e2nien<br >\u2013\tScl\u00e9rose en plaques <br >\u2013\tEpilepsies <br >\u2013\tCovid long <br >\u2013\tAutres maladies inflammatoires <br >\u2013\tMaladies neurod\u00e9g\u00e9n\u00e9ratives<br >\u2013\tTDAH<br >\u2013\tetc\u2026<\/p> <a  class=\"button small y-move color2\" href=\"https:\/\/psy-rennes.com\/index.php\/la-neuropsychologie\" target=\"_self\" data-cp-link=\"1\" rel=\"noopener\">PLUS DE DETAILS<\/a><\/div> <\/div> <\/div> <\/div><\/div>","protected":false},"excerpt":{"rendered":"<p>Passionn\u00e9e de psychologie, je vous accueille&nbsp; pour des prises en charges indivduelles adultes uniquement, au sein de mon cabinet \u00e0 Melesse, \u00e0 10 min du nord de Rennes Mon exercice s\u2019inscrit dans le champs des psychoth\u00e9rapies cognitives et comportementales ainsi que de la neuropsychologie&nbsp; &nbsp; Nous \u00e9laborons ensemble des objectifs th\u00e9rapeutiques qui sont rediscut\u00e9s et&hellip; <br \/> <a class=\"read-more\" href=\"https:\/\/psy-rennes.com\/\">Read more<\/a><\/p>\n","protected":false},"author":1,"featured_media":0,"parent":0,"menu_order":0,"comment_status":"closed","ping_status":"closed","template":"page-templates\/homepage.php","meta":{"footnotes":""},"class_list":["post-91","page","type-page","status-publish","hentry"],"_links":{"self":[{"href":"https:\/\/psy-rennes.com\/index.php\/wp-json\/wp\/v2\/pages\/91","targetHints":{"allow":["GET"]}}],"collection":[{"href":"https:\/\/psy-rennes.com\/index.php\/wp-json\/wp\/v2\/pages"}],"about":[{"href":"https:\/\/psy-rennes.com\/index.php\/wp-json\/wp\/v2\/types\/page"}],"author":[{"embeddable":true,"href":"https:\/\/psy-rennes.com\/index.php\/wp-json\/wp\/v2\/users\/1"}],"replies":[{"embeddable":true,"href":"https:\/\/psy-rennes.com\/index.php\/wp-json\/wp\/v2\/comments?post=91"}],"version-history":[{"count":28,"href":"https:\/\/psy-rennes.com\/index.php\/wp-json\/wp\/v2\/pages\/91\/revisions"}],"predecessor-version":[{"id":541,"href":"https:\/\/psy-rennes.com\/index.php\/wp-json\/wp\/v2\/pages\/91\/revisions\/541"}],"wp:attachment":[{"href":"https:\/\/psy-rennes.com\/index.php\/wp-json\/wp\/v2\/media?parent=91"}],"curies":[{"name":"wp","href":"https:\/\/api.w.org\/{rel}","templated":true}]}}