{"id":80,"date":"2024-02-17T17:58:15","date_gmt":"2024-02-17T16:58:15","guid":{"rendered":"https:\/\/psy-rennes.com\/?page_id=80"},"modified":"2026-04-02T16:47:02","modified_gmt":"2026-04-02T14:47:02","slug":"contact-et-informations-pratiques","status":"publish","type":"page","link":"https:\/\/psy-rennes.com\/index.php\/contact-et-informations-pratiques\/","title":{"rendered":"Informations pratiques"},"content":{"rendered":"\n<p><strong>Liens pour la prise de rendez vous en ligne: <\/strong><\/p>\n\n\n\n<ul class=\"wp-block-list\">\n<li><strong>Agenda pour les patients d\u00e9j\u00e0 suivis<\/strong>:  <a href=\"https:\/\/perfactive.fr\/stephie-ratovohery\/stephie-ratovohery\/book\">https:\/\/perfactive.fr\/stephie-ratovohery\/stephie-ratovohery\/book<\/a>. <\/li>\n\n\n\n<li><strong>Liste d&#8217;attente pour les nouvelles demandes<\/strong>: <a href=\"https:\/\/perfactive.fr\/list\/stephie-ratovohery\">https:\/\/perfactive.fr\/list\/stephie-ratovohery<\/a><\/li>\n<\/ul>\n\n\n\n<p><strong>Adresse du cabinet<\/strong> : <a href=\"https:\/\/www.google.com\/maps\/place\/St%C3%A9phie+RATOVOHERY+-+Psychologue+TCC\/@48.1542239,-1.6854588,17z\/data=!3m1!4b1!4m6!3m5!1s0x480eddd64bd25a17:0x76eba77288dc327a!8m2!3d48.1542203!4d-1.6828839!16s%2Fg%2F11vsnvcpn5?entry=ttu\" data-type=\"link\" data-id=\"https:\/\/www.google.com\/maps\/place\/8+All.+Ch%C3%A2teaubriand,+35760+Saint-Gr%C3%A9goire\/data=!4m2!3m1!1s0x480edde4265196b1:0x27ef68cea8338a9b?sa=X&amp;ved=2ahUKEwiAjpCG0rWEAxUrUKQEHRiBCpgQ8gF6BAgTEAA\">15 rue Gilles Ridard,35520 Melesse<\/a><\/p>\n\n\n\n<p>Sur l&#8217;axe Rennes\/St Malo, Melesse est une petite ville qui se situe dans la continuit\u00e9 de Betton et de Saint Gr\u00e9goire, \u00e0 10 min du Nord de Rennes. Le cabinet se situe dans le bourg, au rez de chauss\u00e9e de l&#8217;immeuble. Des places de parking sont \u00e0 proximit\u00e9. A votre arriv\u00e9e, merci de bien vouloir patienter en salle d&#8217;attente : l&#8217;ouverture de la porte de l&#8217;immeuble est automatique apr\u00e8s appui<strong> <\/strong>sur l&#8217;interphone.<\/p>\n\n\n\n<p><strong>Attention: l&#8217;\u00e9tablissement ne dispose pas d&#8217;acc\u00e8s PMR.<\/strong><\/p>\n\n\n\n<p><strong>Adresse  mail <\/strong>: stephie.ratovohery@psy-rennes.com<\/p>\n\n\n\n<p><strong>T\u00e9l\u00e9phone<\/strong>: 07.43.60.07.40<\/p>\n\n\n\n<p>N\u00b0 ADELI : 359319506 <\/p>\n\n\n\n<p>N\u00b0 RPPS: 10008516972<\/p>\n\n\n\n<p>N\u00b0 SIRET : 84922652700034<\/p>\n\n\n\n<iframe src=\"https:\/\/www.google.com\/maps\/embed?pb=!1m18!1m12!1m3!1d2658.4741376807738!2d-1.6981415245808669!3d48.21674404564771!2m3!1f0!2f0!3f0!3m2!1i1024!2i768!4f13.1!3m3!1m2!1s0x480edd5a744e1f41%3A0x245a4cf3c0134e3!2s15%20Rue%20Gilles%20Ridard%2C%2035520%20Melesse!5e0!3m2!1sfr!2sfr!4v1758472466152!5m2!1sfr!2sfr\" width=\"600\" height=\"450\" style=\"border:0;\" allowfullscreen=\"\" loading=\"lazy\" referrerpolicy=\"no-referrer-when-downgrade\"><\/iframe>\n\n\n\n<div class=\"wp-block-columns are-vertically-aligned-center is-layout-flex wp-container-core-columns-is-layout-9d6595d7 wp-block-columns-is-layout-flex\">\n<div class=\"wp-block-column is-vertically-aligned-center is-layout-flow wp-block-column-is-layout-flow\"><\/div>\n\n\n\n<div class=\"wp-block-column is-vertically-aligned-center is-layout-flow wp-block-column-is-layout-flow\"><\/div>\n<\/div>\n\n\n\n<p><\/p>\n","protected":false},"excerpt":{"rendered":"<p>Liens pour la prise de rendez vous en ligne: Adresse du cabinet : 15 rue Gilles Ridard,35520 Melesse Sur l&#8217;axe Rennes\/St Malo, Melesse est une petite ville qui se situe dans la continuit\u00e9 de Betton et de Saint Gr\u00e9goire, \u00e0 10 min du Nord de Rennes. Le cabinet se situe dans le bourg, au rez&hellip; <br \/> <a class=\"read-more\" href=\"https:\/\/psy-rennes.com\/index.php\/contact-et-informations-pratiques\/\">Read more<\/a><\/p>\n","protected":false},"author":1,"featured_media":0,"parent":0,"menu_order":0,"comment_status":"closed","ping_status":"closed","template":"","meta":{"footnotes":""},"class_list":["post-80","page","type-page","status-publish","hentry"],"_links":{"self":[{"href":"https:\/\/psy-rennes.com\/index.php\/wp-json\/wp\/v2\/pages\/80","targetHints":{"allow":["GET"]}}],"collection":[{"href":"https:\/\/psy-rennes.com\/index.php\/wp-json\/wp\/v2\/pages"}],"about":[{"href":"https:\/\/psy-rennes.com\/index.php\/wp-json\/wp\/v2\/types\/page"}],"author":[{"embeddable":true,"href":"https:\/\/psy-rennes.com\/index.php\/wp-json\/wp\/v2\/users\/1"}],"replies":[{"embeddable":true,"href":"https:\/\/psy-rennes.com\/index.php\/wp-json\/wp\/v2\/comments?post=80"}],"version-history":[{"count":37,"href":"https:\/\/psy-rennes.com\/index.php\/wp-json\/wp\/v2\/pages\/80\/revisions"}],"predecessor-version":[{"id":536,"href":"https:\/\/psy-rennes.com\/index.php\/wp-json\/wp\/v2\/pages\/80\/revisions\/536"}],"wp:attachment":[{"href":"https:\/\/psy-rennes.com\/index.php\/wp-json\/wp\/v2\/media?parent=80"}],"curies":[{"name":"wp","href":"https:\/\/api.w.org\/{rel}","templated":true}]}}