{"id":76,"date":"2024-02-17T16:35:53","date_gmt":"2024-02-17T15:35:53","guid":{"rendered":"https:\/\/psy-rennes.com\/?page_id=76"},"modified":"2025-10-02T06:54:35","modified_gmt":"2025-10-02T04:54:35","slug":"les-differents-psys","status":"publish","type":"page","link":"https:\/\/psy-rennes.com\/index.php\/les-differents-psys\/","title":{"rendered":"Les diff\u00e9rents psys"},"content":{"rendered":"\n<div class=\"wp-block-columns is-layout-flex wp-container-core-columns-is-layout-9d6595d7 wp-block-columns-is-layout-flex\">\n<div class=\"wp-block-column is-layout-flow wp-block-column-is-layout-flow\">\n<p class=\"has-text-align-left\">Face \u00e0 la multitude d\u2019appellations des psys et des th\u00e9rapeutes, il est parfois difficile pour le grand public de s\u2019y retrouver.&nbsp; Voici quelques informations qui me semblent essentielles \u00e0 communiquer pour vous aider \u00e0 faire un choix \u00e9clair\u00e9 en fonction de votre situation. <\/p>\n<\/div>\n\n\n\n<div class=\"wp-block-column is-layout-flow wp-block-column-is-layout-flow\">\n<figure class=\"wp-block-image size-full is-resized\"><img loading=\"lazy\" decoding=\"async\" width=\"740\" height=\"740\" src=\"https:\/\/psy-rennes.com\/wp-content\/uploads\/2024\/02\/questions-1.jpg\" alt=\"\" class=\"wp-image-313\" style=\"width:204px;height:auto\" srcset=\"https:\/\/psy-rennes.com\/wp-content\/uploads\/2024\/02\/questions-1.jpg 740w, https:\/\/psy-rennes.com\/wp-content\/uploads\/2024\/02\/questions-1-300x300.jpg 300w, https:\/\/psy-rennes.com\/wp-content\/uploads\/2024\/02\/questions-1-150x150.jpg 150w\" sizes=\"auto, (max-width: 740px) 100vw, 740px\" \/><\/figure>\n<\/div>\n<\/div>\n\n\n\n<div class=\"wp-block-columns is-layout-flex wp-container-core-columns-is-layout-9d6595d7 wp-block-columns-is-layout-flex\">\n<div class=\"wp-block-column is-layout-flow wp-block-column-is-layout-flow\">\n<h2 class=\"wp-block-heading\">Psychologue<\/h2>\n\n\n\n<p>Le titre de <strong>psychologue<\/strong> est prot\u00e9g\u00e9 par la loi. Il s\u2019agit d\u2019un professionnel du domaine des sciences humaines pouvant attester au minimum de 5 ans de formation universitaire (de Bac + 5 \u00e0 Bac + 8). Il a une expertise dans la compr\u00e9hension du fonctionnement psychologique de l\u2019humain et son travail est bas\u00e9 sur la parole, l\u2019\u00e9coute bienveillante et la compr\u00e9hension de l\u2019autre.<\/p>\n\n\n\n<p>En fonction de sa sp\u00e9cialit\u00e9, ses outils peuvent diff\u00e9rer (psychologue clinicien d\u2019ob\u00e9dience psychanalytique, psychologue int\u00e9gratif, psychologue du d\u00e9veloppement, neuropsychologue, psychologue en TCC, psychologue en syst\u00e9mie etc.).<\/p>\n<\/div>\n\n\n\n<div class=\"wp-block-column is-layout-flow wp-block-column-is-layout-flow\">\n<h2 class=\"wp-block-heading\">Psychiatre<\/h2>\n\n\n\n<p>Le <strong>psychiatre <\/strong>est quant \u00e0 lui un m\u00e9decin, son statut est \u00e9galement prot\u00e9g\u00e9 par la loi. Il atteste de 11 ans de formation universitaire. Il peut prescrire des m\u00e9dicaments (anxiolytiques, antid\u00e9presseurs\u2026). Il est sp\u00e9cialis\u00e9 dans la compr\u00e9hension des troubles psychiatriques, le diagnostic et le traitement des troubles mentaux.<\/p>\n<\/div>\n\n\n\n<div class=\"wp-block-column is-layout-flow wp-block-column-is-layout-flow\">\n<h2 class=\"wp-block-heading\">Psychoth\u00e9rapeute<\/h2>\n\n\n\n<p><strong>Psychoth\u00e9rapeute<\/strong>&nbsp;: statut l\u00e9gal prot\u00e9g\u00e9 depuis 2010. La psychoth\u00e9rapie vise \u00e0 proposer des m\u00e9thodes sp\u00e9cifiques d\u2019aide et de soin pour la personne en souffrance, en s\u2019appuyant sur ses ressources psychologiques comme vecteur de gu\u00e9rison. Il existe une multitude de psychoth\u00e9rapies. La plupart des psychologues sont \u00e9galement psychoth\u00e9rapeutes bien que cela ne soit pas syst\u00e9matiquement le cas. Certains psychiatres peuvent aussi \u00eatre psychoth\u00e9rapeutes.<\/p>\n<\/div>\n<\/div>\n\n\n\n<p><\/p>\n\n\n\n<p><\/p>\n\n\n\n<p>Tous ces professionnels disposent d\u2019un num\u00e9ro ADELI ou RPPS. En cas de doute, vous \u00eates en droit de demander et de poser des questions au psy qui vous accompagne. Les num\u00e9ros ADELI sont disponibles \u00e0 la consultation sur le registre national mis \u00e0 disposition par l\u2019Agence R\u00e9gionale de la Sant\u00e9 (ARS).<\/p>\n\n\n\n<p>En ce qui concerne les titres de psychopraticiens, kin\u00e9siologues, th\u00e9rapeutes, coach mental, somato-th\u00e9rapeute, analyste, hypnoth\u00e9rapeute, ce sont des appellations qui d\u00e9signent un type de pratique, sans cadre ni dipl\u00f4me reconnu par l\u2019\u00e9tat.<\/p>\n","protected":false},"excerpt":{"rendered":"<p>Face \u00e0 la multitude d\u2019appellations des psys et des th\u00e9rapeutes, il est parfois difficile pour le grand public de s\u2019y retrouver.&nbsp; Voici quelques informations qui me semblent essentielles \u00e0 communiquer pour vous aider \u00e0 faire un choix \u00e9clair\u00e9 en fonction de votre situation. Psychologue Le titre de psychologue est prot\u00e9g\u00e9 par la loi. Il s\u2019agit&hellip; <br \/> <a class=\"read-more\" href=\"https:\/\/psy-rennes.com\/index.php\/les-differents-psys\/\">Read more<\/a><\/p>\n","protected":false},"author":1,"featured_media":0,"parent":0,"menu_order":0,"comment_status":"closed","ping_status":"closed","template":"","meta":{"footnotes":""},"class_list":["post-76","page","type-page","status-publish","hentry"],"_links":{"self":[{"href":"https:\/\/psy-rennes.com\/index.php\/wp-json\/wp\/v2\/pages\/76","targetHints":{"allow":["GET"]}}],"collection":[{"href":"https:\/\/psy-rennes.com\/index.php\/wp-json\/wp\/v2\/pages"}],"about":[{"href":"https:\/\/psy-rennes.com\/index.php\/wp-json\/wp\/v2\/types\/page"}],"author":[{"embeddable":true,"href":"https:\/\/psy-rennes.com\/index.php\/wp-json\/wp\/v2\/users\/1"}],"replies":[{"embeddable":true,"href":"https:\/\/psy-rennes.com\/index.php\/wp-json\/wp\/v2\/comments?post=76"}],"version-history":[{"count":11,"href":"https:\/\/psy-rennes.com\/index.php\/wp-json\/wp\/v2\/pages\/76\/revisions"}],"predecessor-version":[{"id":441,"href":"https:\/\/psy-rennes.com\/index.php\/wp-json\/wp\/v2\/pages\/76\/revisions\/441"}],"wp:attachment":[{"href":"https:\/\/psy-rennes.com\/index.php\/wp-json\/wp\/v2\/media?parent=76"}],"curies":[{"name":"wp","href":"https:\/\/api.w.org\/{rel}","templated":true}]}}