{"id":69,"date":"2024-02-17T16:25:45","date_gmt":"2024-02-17T15:25:45","guid":{"rendered":"https:\/\/psy-rennes.com\/?page_id=69"},"modified":"2025-10-01T11:35:14","modified_gmt":"2025-10-01T09:35:14","slug":"la-neuropsychologie","status":"publish","type":"page","link":"https:\/\/psy-rennes.com\/index.php\/la-neuropsychologie\/","title":{"rendered":"La neuropsychologie"},"content":{"rendered":"\n<h2 class=\"wp-block-heading\">Qu&#8217;est ce que c&#8217;est ? <\/h2>\n\n\n\n<div class=\"wp-block-columns is-layout-flex wp-container-core-columns-is-layout-9d6595d7 wp-block-columns-is-layout-flex\">\n<div class=\"wp-block-column is-layout-flow wp-block-column-is-layout-flow\">\n<p>La neuropsychologie est une discipline scientifique et clinique qui cherche \u00e0 comprendre comment chaque personne per\u00e7oit et analyse les diff\u00e9rentes informations de son environnement. C\u2019est une discipline transversale qui s\u2019int\u00e9resse aux fonctions cognitives&nbsp;comme la m\u00e9moire, l\u2019attention, la prise de d\u00e9cision, la r\u00e9gulation du comportement et du langage, la planification, la flexibilit\u00e9 cognitive etc.<\/p>\n<\/div>\n\n\n\n<div class=\"wp-block-column is-layout-flow wp-block-column-is-layout-flow\">\n<figure class=\"wp-block-image size-full is-resized\"><img loading=\"lazy\" decoding=\"async\" width=\"640\" height=\"329\" src=\"https:\/\/psy-rennes.com\/wp-content\/uploads\/2024\/02\/cerveau.webp\" alt=\"\" class=\"wp-image-70\" style=\"width:415px;height:auto\" srcset=\"https:\/\/psy-rennes.com\/wp-content\/uploads\/2024\/02\/cerveau.webp 640w, https:\/\/psy-rennes.com\/wp-content\/uploads\/2024\/02\/cerveau-300x154.webp 300w\" sizes=\"auto, (max-width: 640px) 100vw, 640px\" \/><\/figure>\n<\/div>\n<\/div>\n\n\n\n<p>Ces diff\u00e9rentes capacit\u00e9s nous permettent d\u2019interagir avec notre environnement et de nous adapter \u00e0 chaque situation de la vie quotidienne. En fonction de notre parcours de vie, ces habilet\u00e9s peuvent \u00eatre mises \u00e0 mal et peuvent entrainer des r\u00e9percussions n\u00e9gatives sur notre vie personnelle, sociale, professionnelle<\/p>\n\n\n\n<p>Le neuropsychologue travaille en \u00e9troite collaboration avec les autres professionnels de sant\u00e9 tels que les m\u00e9decins sp\u00e9cialis\u00e9s et m\u00e9decins traitants, les orthophonistes, les ergoth\u00e9rapeutes et bien d\u2019autres disciplines para m\u00e9dicales.<\/p>\n\n\n\n<h2 class=\"wp-block-heading\">A qui la neuropsychologie s&#8217;adresse? <\/h2>\n\n\n\n<p>A toute personne se sentant g\u00ean\u00e9e dans son fonctionnement cognitif et comportemental \u00e0 la suite notamment d\u2019\u00e9v\u00e8nements c\u00e9r\u00e9braux tels que\u00a0:<\/p>\n\n\n\n<ul class=\"wp-block-list\">\n<li>Accident Vasculaire C\u00e9r\u00e9bral<\/li>\n\n\n\n<li>Traumatisme Cr\u00e2nien<\/li>\n\n\n\n<li>Scl\u00e9rose en plaques<\/li>\n\n\n\n<li>Epilepsies<\/li>\n\n\n\n<li>Covid long<\/li>\n\n\n\n<li>Autres maladies inflammatoires<\/li>\n\n\n\n<li>Maladies neurod\u00e9g\u00e9n\u00e9ratives<\/li>\n\n\n\n<li>Troubles D\u00e9ficitaire de l\u2019Attention avec ou sans Hyperactivit\u00e9<\/li>\n\n\n\n<li>etc&#8230;<\/li>\n<\/ul>\n\n\n\n<h2 class=\"wp-block-heading\">La neuropsychologie au cabinet<\/h2>\n\n\n\n<p>Les s\u00e9ances de neuropsychologie permettront de discuter sur les \u00e9ventuels troubles cognitifs rep\u00e9r\u00e9s au quotidien et d\u2019en comprendre l\u2019impact (= psycho\u00e9ducation). De la rem\u00e9diation cognitive peut \u00eatre r\u00e9alis\u00e9e au besoin, c\u2019est-\u00e0-dire des exercices sp\u00e9cifiques papier-crayon pour r\u00e9entrainer les habilet\u00e9s d\u00e9ficitaires ou fragilis\u00e9es, en s\u2019appuyant sur vos points forts. Le but \u00e9tant de renforcer les capacit\u00e9s de m\u00e9tacognition, de mieux comprendre ses habilit\u00e9s c\u00e9r\u00e9brales afin de retrouver un mieux \u00eatre global.<\/p>\n\n\n\n<p><\/p>\n","protected":false},"excerpt":{"rendered":"<p>Qu&#8217;est ce que c&#8217;est ? La neuropsychologie est une discipline scientifique et clinique qui cherche \u00e0 comprendre comment chaque personne per\u00e7oit et analyse les diff\u00e9rentes informations de son environnement. C\u2019est une discipline transversale qui s\u2019int\u00e9resse aux fonctions cognitives&nbsp;comme la m\u00e9moire, l\u2019attention, la prise de d\u00e9cision, la r\u00e9gulation du comportement et du langage, la planification, la&hellip; <br \/> <a class=\"read-more\" href=\"https:\/\/psy-rennes.com\/index.php\/la-neuropsychologie\/\">Read more<\/a><\/p>\n","protected":false},"author":1,"featured_media":0,"parent":0,"menu_order":0,"comment_status":"closed","ping_status":"closed","template":"","meta":{"footnotes":""},"class_list":["post-69","page","type-page","status-publish","hentry"],"_links":{"self":[{"href":"https:\/\/psy-rennes.com\/index.php\/wp-json\/wp\/v2\/pages\/69","targetHints":{"allow":["GET"]}}],"collection":[{"href":"https:\/\/psy-rennes.com\/index.php\/wp-json\/wp\/v2\/pages"}],"about":[{"href":"https:\/\/psy-rennes.com\/index.php\/wp-json\/wp\/v2\/types\/page"}],"author":[{"embeddable":true,"href":"https:\/\/psy-rennes.com\/index.php\/wp-json\/wp\/v2\/users\/1"}],"replies":[{"embeddable":true,"href":"https:\/\/psy-rennes.com\/index.php\/wp-json\/wp\/v2\/comments?post=69"}],"version-history":[{"count":14,"href":"https:\/\/psy-rennes.com\/index.php\/wp-json\/wp\/v2\/pages\/69\/revisions"}],"predecessor-version":[{"id":440,"href":"https:\/\/psy-rennes.com\/index.php\/wp-json\/wp\/v2\/pages\/69\/revisions\/440"}],"wp:attachment":[{"href":"https:\/\/psy-rennes.com\/index.php\/wp-json\/wp\/v2\/media?parent=69"}],"curies":[{"name":"wp","href":"https:\/\/api.w.org\/{rel}","templated":true}]}}